{"id":147,"date":"2024-03-06T06:07:17","date_gmt":"2024-03-06T05:07:17","guid":{"rendered":"https:\/\/pobladefarnals.com\/de\/?page_id=147"},"modified":"2025-10-13T19:38:49","modified_gmt":"2025-10-13T17:38:49","slug":"oeffentliche-verkehrsmittel","status":"publish","type":"page","link":"https:\/\/pobladefarnals.com\/de\/oeffentliche-verkehrsmittel\/","title":{"rendered":"\u00d6ffentliche Verkehrsmittel"},"content":{"rendered":"\n<div class=\"wp-block-columns is-layout-flex wp-container-core-columns-is-layout-28f84493 wp-block-columns-is-layout-flex\">\n<div class=\"wp-block-column is-layout-flow wp-block-column-is-layout-flow\">\n<figure class=\"wp-block-image size-large is-resized\"><img loading=\"lazy\" decoding=\"async\" width=\"1024\" height=\"768\" src=\"https:\/\/pobladefarnals.com\/de\/wp-content\/uploads\/sites\/12\/2024\/03\/EDETANIA-BUS-79-1024x768.jpg\" alt=\"\" class=\"wp-image-160\" style=\"width:395px;height:auto\" srcset=\"https:\/\/pobladefarnals.com\/de\/wp-content\/uploads\/sites\/12\/2024\/03\/EDETANIA-BUS-79-1024x768.jpg 1024w, https:\/\/pobladefarnals.com\/de\/wp-content\/uploads\/sites\/12\/2024\/03\/EDETANIA-BUS-79-300x225.jpg 300w, https:\/\/pobladefarnals.com\/de\/wp-content\/uploads\/sites\/12\/2024\/03\/EDETANIA-BUS-79-768x576.jpg 768w, https:\/\/pobladefarnals.com\/de\/wp-content\/uploads\/sites\/12\/2024\/03\/EDETANIA-BUS-79-1536x1152.jpg 1536w, https:\/\/pobladefarnals.com\/de\/wp-content\/uploads\/sites\/12\/2024\/03\/EDETANIA-BUS-79.jpg 1600w\" sizes=\"auto, (max-width: 1024px) 100vw, 1024px\" \/><\/figure>\n\n\n\n<p>\u00d6ffentliche Verkehrsmittel<br>Der Bus nach Valencia<br>Zeitplan Herbst Winter 2025 &#8211; 2026<\/p>\n<\/div>\n<\/div>\n\n\n\n<p><strong>M\u00f6chten Sie mit dem Bus in das Dorf Pobla de Farnals fahren? <br>Das k\u00f6nnen Sie kostenlos tun!<\/strong><br><\/p>\n\n\n\n<figure class=\"wp-block-image size-large\"><img loading=\"lazy\" decoding=\"async\" width=\"857\" height=\"1024\" src=\"https:\/\/pobladefarnals.com\/de\/wp-content\/uploads\/sites\/12\/2025\/10\/Scherm\u00adafbeelding-2025-10-08-om-17.47.49-857x1024.png\" alt=\"\" class=\"wp-image-337\" srcset=\"https:\/\/pobladefarnals.com\/de\/wp-content\/uploads\/sites\/12\/2025\/10\/Scherm\u00adafbeelding-2025-10-08-om-17.47.49-857x1024.png 857w, https:\/\/pobladefarnals.com\/de\/wp-content\/uploads\/sites\/12\/2025\/10\/Scherm\u00adafbeelding-2025-10-08-om-17.47.49-251x300.png 251w, https:\/\/pobladefarnals.com\/de\/wp-content\/uploads\/sites\/12\/2025\/10\/Scherm\u00adafbeelding-2025-10-08-om-17.47.49-768x918.png 768w, https:\/\/pobladefarnals.com\/de\/wp-content\/uploads\/sites\/12\/2025\/10\/Scherm\u00adafbeelding-2025-10-08-om-17.47.49.png 1262w\" sizes=\"auto, (max-width: 857px) 100vw, 857px\" \/><\/figure>\n\n\n\n<!-- Bus Playa de La Pobla de Farnals \u2194 Val\u00e8ncia \u00b7 Sept\u2013Juni \u00b7 Haltestelle Mar 3 (DE) -->\n<section class=\"bus112-de\" lang=\"de\">\n  <style>\n    .bus112-de{font:400 16px\/1.55 system-ui,-apple-system,Segoe UI,Roboto,Helvetica,Arial,sans-serif;color:#111;background:#fff;border:1px solid #e6e6e6;border-radius:16px;padding:22px;max-width:980px;margin:24px auto}\n    .bus112-de h2{margin:0 0 6px;font:800 26px\/1.2 inherit}\n    .meta{font-size:14px;color:#666;margin-bottom:18px}\n    .block{margin:30px 0 20px}\n    .block h3{font:700 20px\/1.2 inherit;color:#0e8a62;margin:0 0 8px}\n    .grid{display:grid;grid-template-columns:1fr 1fr;gap:16px}\n    @media(max-width:720px){.grid{grid-template-columns:1fr}}\n    .card{border:1px solid #ddd;border-radius:14px;padding:14px}\n    .card h4{margin:0 0 6px;font:700 17px\/1.2 inherit}\n    .sub{font-size:13px;color:#666;margin:0 0 10px}\n    .times{list-style:none;padding:0;margin:0;display:flex;flex-wrap:wrap;gap:8px}\n    .times li{background:#111;color:#fff;border-radius:10px;padding:6px 11px;font-weight:700}\n    .note{margin-top:10px;font-size:13px;color:#666}\n    .map{margin-top:24px;border-radius:12px;overflow:hidden}\n    iframe{width:100%;height:250px;border:0}\n    .warn{display:inline-block;margin-top:10px;background:#fff5d8;border:1px solid #ffd88a;color:#7a5200;padding:6px 10px;border-radius:999px;font-weight:800}\n    .bus112-de a{color:#0e8a62;text-underline-offset:3px}\n  <\/style>\n\n  <h2>Bus Playa de La Pobla de Farnals \u2194 Val\u00e8ncia<\/h2>\n  <p class=\"meta\">G\u00fcltig <strong>September\u2013Juni<\/strong> (offizieller Fahrplan). Nur Haltestelle <strong>Playa \u201eMar 3\u201c<\/strong>.<\/p>\n\n  <div class=\"block\">\n    <h3>\ud83d\ude8c Montag\u2013Freitag (Schultage)<\/h3>\n    <div class=\"grid\">\n      <article class=\"card\">\n        <h4>Playa \u2192 Val\u00e8ncia<\/h4>\n        <p class=\"sub\">Abfahrt ab <strong>Mar 3<\/strong><\/p>\n        <ul class=\"times\">\n          <li>06:07<\/li><li>06:52<\/li><li>07:47<\/li><li>08:38<\/li>\n          <li>10:08<\/li><li>11:08<\/li><li>12:08<\/li><li>13:08<\/li>\n          <li>14:08<\/li><li>15:08<\/li><li>16:08<\/li><li>17:23<\/li>\n          <li>18:23<\/li><li>19:23<\/li><li>20:23<\/li><li>21:07<\/li><li>21:59<\/li>\n        <\/ul>\n      <\/article>\n\n      <article class=\"card\">\n        <h4>Val\u00e8ncia \u2192 Pobla <span style=\"font-weight:600\">(Ankunft in Pobla)<\/span><\/h4>\n        <p class=\"sub\">Ankunft an <strong>Mar 3 (Playa)<\/strong><\/p>\n        <ul class=\"times\">\n          <li>07:19<\/li><li>08:19<\/li><li>09:24<\/li><li>10:14<\/li>\n          <li>11:44<\/li><li>12:44<\/li><li>13:44<\/li><li>14:44<\/li>\n          <li>15:44<\/li><li>16:44<\/li><li>17:44<\/li><li>18:59<\/li>\n          <li>19:59<\/li><li>20:46<\/li><li>21:41<\/li><li>22:21<\/li>\n        <\/ul>\n      <\/article>\n    <\/div>\n  <\/div>\n\n  <div class=\"block\">\n    <h3>\ud83c\udf1e Samstage, Sonntage &#038; Feiertage<\/h3>\n    <div class=\"grid\">\n      <article class=\"card\">\n        <h4>Playa \u2192 Val\u00e8ncia<\/h4>\n        <p class=\"sub\">Abfahrt ab <strong>Mar 3<\/strong><\/p>\n        <ul class=\"times\">\n          <li>07:07<\/li><li>09:13<\/li><li>11:13<\/li><li>13:13<\/li>\n          <li>15:13<\/li><li>17:27<\/li><li>19:28<\/li>\n        <\/ul>\n      <\/article>\n\n      <article class=\"card\">\n        <h4>Val\u00e8ncia \u2192 Pobla <span style=\"font-weight:600\">(Ankunft in Pobla)<\/span><\/h4>\n        <p class=\"sub\">Ungef\u00e4hre Ankunft an <strong>Mar 3 (Playa)<\/strong><\/p>\n        <ul class=\"times\">\n          <li>08:25<\/li><li>10:40<\/li><li>12:40<\/li><li>14:40<\/li>\n          <li>15:40<\/li><li>16:40<\/li><li>18:55<\/li><li>20:55<\/li>\n        <\/ul>\n        <p class=\"note\">Wochenendzeiten sind ungef\u00e4hre Ank\u00fcnfte (abgeleitet aus Port Saplatja \u2192 Les Corts).<\/p>\n      <\/article>\n    <\/div>\n  <\/div>\n\n  <div class=\"block\">\n    <h3>\ud83d\udccd Haupt-Haltestelle<\/h3>\n    <p><strong>Avenida Mar 3 \u2013 Playa de la Pobla de Farnals<\/strong><br>Am Strandboulevard, nahe dem Yachthafen.<\/p>\n    <div class=\"map\">\n      <iframe src=\"https:\/\/www.google.com\/maps?q=Avenida+Mar+3,+Playa+de+la+Pobla+de+Farnals,+Valencia,+Espa\u00f1a&#038;output=embed\" loading=\"lazy\" allowfullscreen><\/iframe>\n    <\/div>\n  <\/div>\n\n  <p class=\"note\">Quelle: offizieller Fahrplan (ATMV \/ MetGo). Aktualisierungen: <a href=\"https:\/\/pobladefarnals.com\" target=\"_blank\" rel=\"noopener\">pobladefarnals.com<\/a>.<\/p>\n<\/section>\n\n\n\n<p>Au\u00dferdem k\u00f6nnen Sie im Dorf leicht die U-Bahn nach Valencia nehmen.F\u00fcr nur 40 Cent pro Fahrt sind Sie innerhalb einer halben Stunde im Zentrum von Valencia.<br>Sie m\u00fcssen dann eine 10-Fahrten-Karte am Kiosk in Pobla de Farnals kaufen, Sie zahlen einmalig 2 \u20ac f\u00fcr die Plastikkarte.<\/p>\n\n\n\n<p>Sie k\u00f6nnen auch mit der U-Bahn vom Dorf ins Zentrum von Valencia fahren, <strong><span style=\"color: #cf2e2e;\" class=\"stk-highlight\">Linie 3<\/span><\/strong>. Wenn Sie in Playa de Pobla de Farnals sind, k\u00f6nnen Sie zuerst den \u201ekostenlosen\u201c Bus zum Dorf nehmen.<\/p>\n\n\n\n<div class=\"wp-block-uagb-container uagb-block-7dfafa01 alignfull uagb-is-root-container\"><div class=\"uagb-container-inner-blocks-wrap\">\n<div class=\"wp-block-uagb-container uagb-block-e991db59\">\n<figure class=\"wp-block-image size-large\"><img decoding=\"async\" src=\"https:\/\/pobladefarnals.com\/en\/wp-content\/uploads\/sites\/9\/2025\/05\/L10-g09-1024x683.jpeg\" alt=\"\" class=\"wp-image-3359\"\/><\/figure>\n<\/div>\n\n\n\n<div class=\"wp-block-uagb-container uagb-block-4f57e399\">\n<figure class=\"wp-block-image size-large is-resized\"><img decoding=\"async\" src=\"https:\/\/pobladefarnals.com\/en\/wp-content\/uploads\/sites\/9\/2025\/05\/Scherm\u00adafbeelding-2025-05-16-om-11.23.35-722x1024.png\" alt=\"\" class=\"wp-image-3357\" style=\"width:503px;height:auto\"\/><\/figure>\n<\/div>\n<\/div><\/div>\n","protected":false},"excerpt":{"rendered":"<p>\u00d6ffentliche VerkehrsmittelDer Bus nach ValenciaZeitplan Herbst Winter 2025 &#8211; 2026 M\u00f6chten Sie mit dem Bus in das Dorf Pobla de [&hellip;]<\/p>\n","protected":false},"author":2,"featured_media":0,"parent":0,"menu_order":0,"comment_status":"closed","ping_status":"closed","template":"","meta":{"_uag_custom_page_level_css":"","site-sidebar-layout":"default","site-content-layout":"","ast-site-content-layout":"default","site-content-style":"default","site-sidebar-style":"default","ast-global-header-display":"","ast-banner-title-visibility":"","ast-main-header-display":"","ast-hfb-above-header-display":"","ast-hfb-below-header-display":"","ast-hfb-mobile-header-display":"","site-post-title":"","ast-breadcrumbs-content":"","ast-featured-img":"","footer-sml-layout":"","ast-disable-related-posts":"","theme-transparent-header-meta":"","adv-header-id-meta":"","stick-header-meta":"","header-above-stick-meta":"","header-main-stick-meta":"","header-below-stick-meta":"","astra-migrate-meta-layouts":"default","ast-page-background-enabled":"default","ast-page-background-meta":{"desktop":{"background-color":"var(--ast-global-color-4)","background-image":"","background-repeat":"repeat","background-position":"center center","background-size":"auto","background-attachment":"scroll","background-type":"","background-media":"","overlay-type":"","overlay-color":"","overlay-opacity":"","overlay-gradient":""},"tablet":{"background-color":"","background-image":"","background-repeat":"repeat","background-position":"center center","background-size":"auto","background-attachment":"scroll","background-type":"","background-media":"","overlay-type":"","overlay-color":"","overlay-opacity":"","overlay-gradient":""},"mobile":{"background-color":"","background-image":"","background-repeat":"repeat","background-position":"center center","background-size":"auto","background-attachment":"scroll","background-type":"","background-media":"","overlay-type":"","overlay-color":"","overlay-opacity":"","overlay-gradient":""}},"ast-content-background-meta":{"desktop":{"background-color":"var(--ast-global-color-5)","background-image":"","background-repeat":"repeat","background-position":"center center","background-size":"auto","background-attachment":"scroll","background-type":"","background-media":"","overlay-type":"","overlay-color":"","overlay-opacity":"","overlay-gradient":""},"tablet":{"background-color":"var(--ast-global-color-5)","background-image":"","background-repeat":"repeat","background-position":"center center","background-size":"auto","background-attachment":"scroll","background-type":"","background-media":"","overlay-type":"","overlay-color":"","overlay-opacity":"","overlay-gradient":""},"mobile":{"background-color":"var(--ast-global-color-5)","background-image":"","background-repeat":"repeat","background-position":"center center","background-size":"auto","background-attachment":"scroll","background-type":"","background-media":"","overlay-type":"","overlay-color":"","overlay-opacity":"","overlay-gradient":""}},"footnotes":""},"class_list":["post-147","page","type-page","status-publish","hentry"],"yoast_head":"<!-- This site is optimized with the Yoast SEO plugin v27.3 - https:\/\/yoast.com\/product\/yoast-seo-wordpress\/ -->\n<title>\u00d6ffentliche Verkehrsmittel - DE - Pobla de Farnals<\/title>\n<meta name=\"robots\" content=\"index, follow, max-snippet:-1, max-image-preview:large, max-video-preview:-1\" \/>\n<link rel=\"canonical\" href=\"https:\/\/pobladefarnals.com\/de\/oeffentliche-verkehrsmittel\/\" \/>\n<meta property=\"og:locale\" content=\"de_DE\" \/>\n<meta property=\"og:type\" content=\"article\" \/>\n<meta property=\"og:title\" content=\"\u00d6ffentliche Verkehrsmittel - DE - Pobla de Farnals\" \/>\n<meta property=\"og:description\" content=\"\u00d6ffentliche VerkehrsmittelDer Bus nach ValenciaZeitplan Herbst Winter 2025 &#8211; 2026 M\u00f6chten Sie mit dem Bus in das Dorf Pobla de [&hellip;]\" \/>\n<meta property=\"og:url\" content=\"https:\/\/pobladefarnals.com\/de\/oeffentliche-verkehrsmittel\/\" \/>\n<meta property=\"og:site_name\" content=\"DE - Pobla de Farnals\" \/>\n<meta property=\"article:modified_time\" content=\"2025-10-13T17:38:49+00:00\" \/>\n<meta property=\"og:image\" content=\"https:\/\/pobladefarnals.com\/de\/wp-content\/uploads\/sites\/12\/2024\/03\/EDETANIA-BUS-79.jpg\" \/>\n\t<meta property=\"og:image:width\" content=\"1600\" \/>\n\t<meta property=\"og:image:height\" content=\"1200\" \/>\n\t<meta property=\"og:image:type\" content=\"image\/jpeg\" \/>\n<meta name=\"twitter:card\" content=\"summary_large_image\" \/>\n<meta name=\"twitter:label1\" content=\"Gesch\u00e4tzte Lesezeit\" \/>\n\t<meta name=\"twitter:data1\" content=\"3\u00a0Minuten\" \/>\n<script type=\"application\/ld+json\" class=\"yoast-schema-graph\">{\"@context\":\"https:\\\/\\\/schema.org\",\"@graph\":[{\"@type\":\"WebPage\",\"@id\":\"https:\\\/\\\/pobladefarnals.com\\\/de\\\/oeffentliche-verkehrsmittel\\\/\",\"url\":\"https:\\\/\\\/pobladefarnals.com\\\/de\\\/oeffentliche-verkehrsmittel\\\/\",\"name\":\"\u00d6ffentliche Verkehrsmittel - DE - Pobla de Farnals\",\"isPartOf\":{\"@id\":\"https:\\\/\\\/pobladefarnals.com\\\/de\\\/#website\"},\"primaryImageOfPage\":{\"@id\":\"https:\\\/\\\/pobladefarnals.com\\\/de\\\/oeffentliche-verkehrsmittel\\\/#primaryimage\"},\"image\":{\"@id\":\"https:\\\/\\\/pobladefarnals.com\\\/de\\\/oeffentliche-verkehrsmittel\\\/#primaryimage\"},\"thumbnailUrl\":\"https:\\\/\\\/pobladefarnals.com\\\/de\\\/wp-content\\\/uploads\\\/sites\\\/12\\\/2024\\\/03\\\/EDETANIA-BUS-79-1024x768.jpg\",\"datePublished\":\"2024-03-06T05:07:17+00:00\",\"dateModified\":\"2025-10-13T17:38:49+00:00\",\"breadcrumb\":{\"@id\":\"https:\\\/\\\/pobladefarnals.com\\\/de\\\/oeffentliche-verkehrsmittel\\\/#breadcrumb\"},\"inLanguage\":\"de\",\"potentialAction\":[{\"@type\":\"ReadAction\",\"target\":[\"https:\\\/\\\/pobladefarnals.com\\\/de\\\/oeffentliche-verkehrsmittel\\\/\"]}]},{\"@type\":\"ImageObject\",\"inLanguage\":\"de\",\"@id\":\"https:\\\/\\\/pobladefarnals.com\\\/de\\\/oeffentliche-verkehrsmittel\\\/#primaryimage\",\"url\":\"https:\\\/\\\/pobladefarnals.com\\\/de\\\/wp-content\\\/uploads\\\/sites\\\/12\\\/2024\\\/03\\\/EDETANIA-BUS-79.jpg\",\"contentUrl\":\"https:\\\/\\\/pobladefarnals.com\\\/de\\\/wp-content\\\/uploads\\\/sites\\\/12\\\/2024\\\/03\\\/EDETANIA-BUS-79.jpg\",\"width\":1600,\"height\":1200},{\"@type\":\"BreadcrumbList\",\"@id\":\"https:\\\/\\\/pobladefarnals.com\\\/de\\\/oeffentliche-verkehrsmittel\\\/#breadcrumb\",\"itemListElement\":[{\"@type\":\"ListItem\",\"position\":1,\"name\":\"Home\",\"item\":\"https:\\\/\\\/pobladefarnals.com\\\/de\\\/\"},{\"@type\":\"ListItem\",\"position\":2,\"name\":\"\u00d6ffentliche Verkehrsmittel\"}]},{\"@type\":\"WebSite\",\"@id\":\"https:\\\/\\\/pobladefarnals.com\\\/de\\\/#website\",\"url\":\"https:\\\/\\\/pobladefarnals.com\\\/de\\\/\",\"name\":\"DE - Pobla de Farnals\",\"description\":\"\",\"publisher\":{\"@id\":\"https:\\\/\\\/pobladefarnals.com\\\/de\\\/#organization\"},\"potentialAction\":[{\"@type\":\"SearchAction\",\"target\":{\"@type\":\"EntryPoint\",\"urlTemplate\":\"https:\\\/\\\/pobladefarnals.com\\\/de\\\/?s={search_term_string}\"},\"query-input\":{\"@type\":\"PropertyValueSpecification\",\"valueRequired\":true,\"valueName\":\"search_term_string\"}}],\"inLanguage\":\"de\"},{\"@type\":\"Organization\",\"@id\":\"https:\\\/\\\/pobladefarnals.com\\\/de\\\/#organization\",\"name\":\"DE - Pobla de Farnals\",\"url\":\"https:\\\/\\\/pobladefarnals.com\\\/de\\\/\",\"logo\":{\"@type\":\"ImageObject\",\"inLanguage\":\"de\",\"@id\":\"https:\\\/\\\/pobladefarnals.com\\\/de\\\/#\\\/schema\\\/logo\\\/image\\\/\",\"url\":\"https:\\\/\\\/pobladefarnals.com\\\/de\\\/wp-content\\\/uploads\\\/sites\\\/12\\\/2024\\\/01\\\/logo3small.png\",\"contentUrl\":\"https:\\\/\\\/pobladefarnals.com\\\/de\\\/wp-content\\\/uploads\\\/sites\\\/12\\\/2024\\\/01\\\/logo3small.png\",\"width\":250,\"height\":143,\"caption\":\"DE - Pobla de Farnals\"},\"image\":{\"@id\":\"https:\\\/\\\/pobladefarnals.com\\\/de\\\/#\\\/schema\\\/logo\\\/image\\\/\"}}]}<\/script>\n<!-- \/ Yoast SEO plugin. -->","yoast_head_json":{"title":"\u00d6ffentliche Verkehrsmittel - DE - Pobla de Farnals","robots":{"index":"index","follow":"follow","max-snippet":"max-snippet:-1","max-image-preview":"max-image-preview:large","max-video-preview":"max-video-preview:-1"},"canonical":"https:\/\/pobladefarnals.com\/de\/oeffentliche-verkehrsmittel\/","og_locale":"de_DE","og_type":"article","og_title":"\u00d6ffentliche Verkehrsmittel - DE - Pobla de Farnals","og_description":"\u00d6ffentliche VerkehrsmittelDer Bus nach ValenciaZeitplan Herbst Winter 2025 &#8211; 2026 M\u00f6chten Sie mit dem Bus in das Dorf Pobla de [&hellip;]","og_url":"https:\/\/pobladefarnals.com\/de\/oeffentliche-verkehrsmittel\/","og_site_name":"DE - Pobla de Farnals","article_modified_time":"2025-10-13T17:38:49+00:00","og_image":[{"width":1600,"height":1200,"url":"https:\/\/pobladefarnals.com\/de\/wp-content\/uploads\/sites\/12\/2024\/03\/EDETANIA-BUS-79.jpg","type":"image\/jpeg"}],"twitter_card":"summary_large_image","twitter_misc":{"Gesch\u00e4tzte Lesezeit":"3\u00a0Minuten"},"schema":{"@context":"https:\/\/schema.org","@graph":[{"@type":"WebPage","@id":"https:\/\/pobladefarnals.com\/de\/oeffentliche-verkehrsmittel\/","url":"https:\/\/pobladefarnals.com\/de\/oeffentliche-verkehrsmittel\/","name":"\u00d6ffentliche Verkehrsmittel - DE - Pobla de Farnals","isPartOf":{"@id":"https:\/\/pobladefarnals.com\/de\/#website"},"primaryImageOfPage":{"@id":"https:\/\/pobladefarnals.com\/de\/oeffentliche-verkehrsmittel\/#primaryimage"},"image":{"@id":"https:\/\/pobladefarnals.com\/de\/oeffentliche-verkehrsmittel\/#primaryimage"},"thumbnailUrl":"https:\/\/pobladefarnals.com\/de\/wp-content\/uploads\/sites\/12\/2024\/03\/EDETANIA-BUS-79-1024x768.jpg","datePublished":"2024-03-06T05:07:17+00:00","dateModified":"2025-10-13T17:38:49+00:00","breadcrumb":{"@id":"https:\/\/pobladefarnals.com\/de\/oeffentliche-verkehrsmittel\/#breadcrumb"},"inLanguage":"de","potentialAction":[{"@type":"ReadAction","target":["https:\/\/pobladefarnals.com\/de\/oeffentliche-verkehrsmittel\/"]}]},{"@type":"ImageObject","inLanguage":"de","@id":"https:\/\/pobladefarnals.com\/de\/oeffentliche-verkehrsmittel\/#primaryimage","url":"https:\/\/pobladefarnals.com\/de\/wp-content\/uploads\/sites\/12\/2024\/03\/EDETANIA-BUS-79.jpg","contentUrl":"https:\/\/pobladefarnals.com\/de\/wp-content\/uploads\/sites\/12\/2024\/03\/EDETANIA-BUS-79.jpg","width":1600,"height":1200},{"@type":"BreadcrumbList","@id":"https:\/\/pobladefarnals.com\/de\/oeffentliche-verkehrsmittel\/#breadcrumb","itemListElement":[{"@type":"ListItem","position":1,"name":"Home","item":"https:\/\/pobladefarnals.com\/de\/"},{"@type":"ListItem","position":2,"name":"\u00d6ffentliche Verkehrsmittel"}]},{"@type":"WebSite","@id":"https:\/\/pobladefarnals.com\/de\/#website","url":"https:\/\/pobladefarnals.com\/de\/","name":"DE - Pobla de Farnals","description":"","publisher":{"@id":"https:\/\/pobladefarnals.com\/de\/#organization"},"potentialAction":[{"@type":"SearchAction","target":{"@type":"EntryPoint","urlTemplate":"https:\/\/pobladefarnals.com\/de\/?s={search_term_string}"},"query-input":{"@type":"PropertyValueSpecification","valueRequired":true,"valueName":"search_term_string"}}],"inLanguage":"de"},{"@type":"Organization","@id":"https:\/\/pobladefarnals.com\/de\/#organization","name":"DE - Pobla de Farnals","url":"https:\/\/pobladefarnals.com\/de\/","logo":{"@type":"ImageObject","inLanguage":"de","@id":"https:\/\/pobladefarnals.com\/de\/#\/schema\/logo\/image\/","url":"https:\/\/pobladefarnals.com\/de\/wp-content\/uploads\/sites\/12\/2024\/01\/logo3small.png","contentUrl":"https:\/\/pobladefarnals.com\/de\/wp-content\/uploads\/sites\/12\/2024\/01\/logo3small.png","width":250,"height":143,"caption":"DE - Pobla de Farnals"},"image":{"@id":"https:\/\/pobladefarnals.com\/de\/#\/schema\/logo\/image\/"}}]}},"featured_image_src":null,"featured_image_src_square":null,"uagb_featured_image_src":{"full":false,"thumbnail":false,"medium":false,"medium_large":false,"large":false,"1536x1536":false,"2048x2048":false,"gb-block-post-grid-landscape":false,"gb-block-post-grid-square":false},"uagb_author_info":{"display_name":"cas eggermont","author_link":"https:\/\/pobladefarnals.com\/de\/author\/caseggermont\/"},"uagb_comment_info":0,"uagb_excerpt":"\u00d6ffentliche VerkehrsmittelDer Bus nach ValenciaZeitplan Herbst Winter 2025 &#8211; 2026 M\u00f6chten Sie mit dem Bus in das Dorf Pobla de [&hellip;]","_links":{"self":[{"href":"https:\/\/pobladefarnals.com\/de\/wp-json\/wp\/v2\/pages\/147","targetHints":{"allow":["GET"]}}],"collection":[{"href":"https:\/\/pobladefarnals.com\/de\/wp-json\/wp\/v2\/pages"}],"about":[{"href":"https:\/\/pobladefarnals.com\/de\/wp-json\/wp\/v2\/types\/page"}],"author":[{"embeddable":true,"href":"https:\/\/pobladefarnals.com\/de\/wp-json\/wp\/v2\/users\/2"}],"replies":[{"embeddable":true,"href":"https:\/\/pobladefarnals.com\/de\/wp-json\/wp\/v2\/comments?post=147"}],"version-history":[{"count":29,"href":"https:\/\/pobladefarnals.com\/de\/wp-json\/wp\/v2\/pages\/147\/revisions"}],"predecessor-version":[{"id":344,"href":"https:\/\/pobladefarnals.com\/de\/wp-json\/wp\/v2\/pages\/147\/revisions\/344"}],"wp:attachment":[{"href":"https:\/\/pobladefarnals.com\/de\/wp-json\/wp\/v2\/media?parent=147"}],"curies":[{"name":"wp","href":"https:\/\/api.w.org\/{rel}","templated":true}]}}