{"id":2490,"date":"2020-07-27T21:11:12","date_gmt":"2020-07-27T19:11:12","guid":{"rendered":"https:\/\/pobladefarnals.com\/es\/?page_id=2490"},"modified":"2025-10-13T19:30:41","modified_gmt":"2025-10-13T17:30:41","slug":"transporte-colectivo","status":"publish","type":"page","link":"https:\/\/pobladefarnals.com\/es\/transporte-colectivo\/","title":{"rendered":"Transporte colectivo"},"content":{"rendered":"\n<div class=\"wp-block-uagb-container uagb-block-2f6018b6 alignfull uagb-is-root-container\"><div class=\"uagb-container-inner-blocks-wrap\">\n<div class=\"wp-block-uagb-container uagb-block-82907ec3\">\n<figure class=\"wp-block-image size-large\"><img decoding=\"async\" src=\"https:\/\/pobladefarnals.com\/nl\/wp-content\/uploads\/sites\/4\/2020\/01\/EDETANIA-B\u00daS-79-1024x768.jpg\" alt=\"\" class=\"wp-image-2502\"\/><\/figure>\n<\/div>\n\n\n\n<div class=\"wp-block-uagb-container uagb-block-914d6026\">\n<h2 class=\"wp-block-heading\">Transporte colectivo<\/h2>\n\n\n\n<p>Por autob\u00fas a Valencia<br>Esquema Invierno 2025<\/p>\n<\/div>\n<\/div><\/div>\n\n\n\n<p>\u00bfTe gustar\u00eda tomar un autob\u00fas hasta el pueblo de Pobla de Farnals? Puedes hacerlo gratis.<\/p>\n\n\n\n<blockquote class=\"wp-block-quote is-layout-flow wp-block-quote-is-layout-flow\">\n<p>Tambi\u00e9n puedes coger el metro desde el pueblo hasta el centro de Valencia,<span style=\"color: #cf2e2e;\" class=\"stk-highlight\"><strong> l\u00ednea 3,<\/strong><\/span> si est\u00e1s en Playa de Pobla de farnals, puedes coger antes el autob\u00fas \u00ab gratuito\u00bb hasta el pueblo.<\/p>\n<\/blockquote>\n\n\n\n<figure class=\"wp-block-image size-large\"><img loading=\"lazy\" decoding=\"async\" width=\"857\" height=\"1024\" src=\"https:\/\/pobladefarnals.com\/es\/wp-content\/uploads\/sites\/10\/2025\/10\/Scherm\u00adafbeelding-2025-10-08-om-17.47.49-857x1024.png\" alt=\"\" class=\"wp-image-3591\" srcset=\"https:\/\/pobladefarnals.com\/es\/wp-content\/uploads\/sites\/10\/2025\/10\/Scherm\u00adafbeelding-2025-10-08-om-17.47.49-857x1024.png 857w, https:\/\/pobladefarnals.com\/es\/wp-content\/uploads\/sites\/10\/2025\/10\/Scherm\u00adafbeelding-2025-10-08-om-17.47.49-251x300.png 251w, https:\/\/pobladefarnals.com\/es\/wp-content\/uploads\/sites\/10\/2025\/10\/Scherm\u00adafbeelding-2025-10-08-om-17.47.49-768x918.png 768w, https:\/\/pobladefarnals.com\/es\/wp-content\/uploads\/sites\/10\/2025\/10\/Scherm\u00adafbeelding-2025-10-08-om-17.47.49.png 1262w\" sizes=\"auto, (max-width: 857px) 100vw, 857px\" \/><\/figure>\n\n\n\n<!-- Autob\u00fas Playa de La Pobla de Farnals \u2194 Val\u00e8ncia \u00b7 septiembre\u2013junio \u00b7 parada Mar 3 -->\n<section class=\"bus112-es\" lang=\"es\">\n  <style>\n    .bus112-es{\n      font:400 16px\/1.55 system-ui,-apple-system,Segoe UI,Roboto,Helvetica,Arial,sans-serif;\n      color:#111;background:#fff;border:1px solid #e6e6e6;border-radius:16px;\n      padding:22px;max-width:980px;margin:24px auto;\n    }\n    .bus112-es h2{margin:0 0 6px;font:800 26px\/1.2 inherit}\n    .meta{font-size:14px;color:#666;margin-bottom:18px}\n    .bloque{margin:30px 0 20px}\n    .bloque h3{font:700 20px\/1.2 inherit;color:#0e8a62;margin:0 0 8px}\n    .grid{display:grid;grid-template-columns:1fr 1fr;gap:16px}\n    @media(max-width:720px){.grid{grid-template-columns:1fr}}\n    .card{border:1px solid #ddd;border-radius:14px;padding:14px}\n    .card h4{margin:0 0 6px;font:700 17px\/1.2 inherit}\n    .sub{font-size:13px;color:#666;margin:0 0 10px}\n    .times{list-style:none;padding:0;margin:0;display:flex;flex-wrap:wrap;gap:8px}\n    .times li{background:#111;color:#fff;border-radius:10px;padding:6px 11px;font-weight:700}\n    .note{margin-top:10px;font-size:13px;color:#666}\n    .warn{display:inline-block;margin-top:10px;background:#fff5d8;border:1px solid #ffd88a;color:#7a5200;padding:6px 10px;border-radius:999px;font-weight:800}\n    .bus112-es a{color:#0e8a62;text-underline-offset:3px}\n  <\/style>\n\n  <h2>Autob\u00fas Playa de La Pobla de Farnals \u2194 Val\u00e8ncia<\/h2>\n  <p class=\"meta\">V\u00e1lido de <strong>septiembre a junio<\/strong> (ATMV \/ MetGo 2025). Solo parada <strong>Playa \u201cMar 3\u201d<\/strong>.<\/p>\n\n  <!-- LUNES A VIERNES (LECTIVOS) -->\n  <div class=\"bloque\" id=\"laborables\">\n    <h3>\ud83d\ude8c Lunes a viernes (d\u00edas lectivos)<\/h3>\n    <div class=\"grid\">\n      <article class=\"card\">\n        <h4>Playa \u2192 Val\u00e8ncia<\/h4>\n        <p class=\"sub\">Salida desde <strong>Mar 3<\/strong><\/p>\n        <ul class=\"times\">\n          <li>06:07<\/li><li>06:52<\/li><li>07:47<\/li><li>08:38<\/li>\n          <li>10:08<\/li><li>11:08<\/li><li>12:08<\/li><li>13:08<\/li>\n          <li>14:08<\/li><li>15:08<\/li><li>16:08<\/li><li>17:23<\/li>\n          <li>18:23<\/li><li>19:23<\/li><li>20:23<\/li><li>21:07<\/li><li>21:59<\/li>\n        <\/ul>\n      <\/article>\n\n      <article class=\"card\">\n        <h4>Val\u00e8ncia \u2192 Pobla (llegada en Mar 3)<\/h4>\n        <p class=\"sub\">Llegada a la parada <strong>Mar 3 (Playa)<\/strong><\/p>\n        <ul class=\"times\">\n          <li>07:19<\/li><li>08:19<\/li><li>09:24<\/li><li>10:14<\/li>\n          <li>11:44<\/li><li>12:44<\/li><li>13:44<\/li><li>14:44<\/li>\n          <li>15:44<\/li><li>16:44<\/li><li>17:44<\/li><li>18:59<\/li>\n          <li>19:59<\/li><li>20:46<\/li><li>21:41<\/li><li>22:21<\/li>\n        <\/ul>\n      <\/article>\n    <\/div>\n  <\/div>\n\n  <!-- FIN DE SEMANA Y FESTIVOS -->\n  <div class=\"bloque\" id=\"finde\">\n    <h3>\ud83c\udf1e S\u00e1bados, domingos y festivos<\/h3>\n    <div class=\"grid\">\n      <article class=\"card\">\n        <h4>Playa \u2192 Val\u00e8ncia<\/h4>\n        <p class=\"sub\">Salida desde <strong>Mar 3<\/strong><\/p>\n        <ul class=\"times\">\n          <li>07:07<\/li><li>09:13<\/li><li>11:13<\/li><li>13:13<\/li>\n          <li>15:13<\/li><li>17:27<\/li><li>19:28<\/li>\n        <\/ul>\n      <\/article>\n\n      <article class=\"card\">\n        <h4>Val\u00e8ncia \u2192 Pobla (llegada en Mar 3)<\/h4>\n        <p class=\"sub\">Horas aproximadas en la parada <strong>Mar 3 (Playa)<\/strong><\/p>\n        <ul class=\"times\">\n          <li>08:25<\/li><li>10:40<\/li><li>12:40<\/li><li>14:40<\/li>\n          <li>15:40<\/li><li>16:40<\/li><li>18:55<\/li><li>20:55<\/li>\n        <\/ul>\n        <p class=\"note\">Estas horas son orientativas basadas en el recorrido entre Port Saplatja (08:20) y Pl. de les Corts Valencianes (08:34) del horario oficial.<\/p>\n      <\/article>\n    <\/div>\n  <\/div>\n\n  <p class=\"note\">Fuente: documento oficial L\u00ednea 112 \/ 112A (ATMV \/ MetGo Val\u00e8ncia, 2025).  \n  Comprueba actualizaciones o avisos en <a href=\"https:\/\/pobladefarnals.com\" target=\"_blank\" rel=\"noopener\">pobladefarnals.com<\/a>.<\/p>\n<\/section>\n\n\n\n<figure class=\"wp-block-image size-large\"><img loading=\"lazy\" decoding=\"async\" width=\"722\" height=\"1024\" src=\"https:\/\/pobladefarnals.com\/es\/wp-content\/uploads\/sites\/10\/2025\/05\/Scherm\u00adafbeelding-2025-05-16-om-11.23.35-722x1024.png\" alt=\"\" class=\"wp-image-3531\" srcset=\"https:\/\/pobladefarnals.com\/es\/wp-content\/uploads\/sites\/10\/2025\/05\/Scherm\u00adafbeelding-2025-05-16-om-11.23.35-722x1024.png 722w, https:\/\/pobladefarnals.com\/es\/wp-content\/uploads\/sites\/10\/2025\/05\/Scherm\u00adafbeelding-2025-05-16-om-11.23.35-211x300.png 211w, https:\/\/pobladefarnals.com\/es\/wp-content\/uploads\/sites\/10\/2025\/05\/Scherm\u00adafbeelding-2025-05-16-om-11.23.35-768x1090.png 768w, https:\/\/pobladefarnals.com\/es\/wp-content\/uploads\/sites\/10\/2025\/05\/Scherm\u00adafbeelding-2025-05-16-om-11.23.35-1082x1536.png 1082w, https:\/\/pobladefarnals.com\/es\/wp-content\/uploads\/sites\/10\/2025\/05\/Scherm\u00adafbeelding-2025-05-16-om-11.23.35.png 1322w\" sizes=\"auto, (max-width: 722px) 100vw, 722px\" \/><\/figure>\n","protected":false},"excerpt":{"rendered":"<p>Transporte colectivo Por autob\u00fas a ValenciaEsquema Invierno 2025 \u00bfTe gustar\u00eda tomar un autob\u00fas hasta el pueblo de Pobla de Farnals? [&hellip;]<\/p>\n","protected":false},"author":2,"featured_media":2491,"parent":0,"menu_order":0,"comment_status":"closed","ping_status":"closed","template":"","meta":{"_uag_custom_page_level_css":"","site-sidebar-layout":"default","site-content-layout":"","ast-site-content-layout":"","site-content-style":"default","site-sidebar-style":"default","ast-global-header-display":"","ast-banner-title-visibility":"","ast-main-header-display":"","ast-hfb-above-header-display":"","ast-hfb-below-header-display":"","ast-hfb-mobile-header-display":"","site-post-title":"","ast-breadcrumbs-content":"","ast-featured-img":"disabled","footer-sml-layout":"","ast-disable-related-posts":"","theme-transparent-header-meta":"","adv-header-id-meta":"","stick-header-meta":"","header-above-stick-meta":"","header-main-stick-meta":"","header-below-stick-meta":"","astra-migrate-meta-layouts":"default","ast-page-background-enabled":"default","ast-page-background-meta":{"desktop":{"background-color":"var(--ast-global-color-4)","background-image":"","background-repeat":"repeat","background-position":"center center","background-size":"auto","background-attachment":"scroll","background-type":"","background-media":"","overlay-type":"","overlay-color":"","overlay-opacity":"","overlay-gradient":""},"tablet":{"background-color":"","background-image":"","background-repeat":"repeat","background-position":"center center","background-size":"auto","background-attachment":"scroll","background-type":"","background-media":"","overlay-type":"","overlay-color":"","overlay-opacity":"","overlay-gradient":""},"mobile":{"background-color":"","background-image":"","background-repeat":"repeat","background-position":"center center","background-size":"auto","background-attachment":"scroll","background-type":"","background-media":"","overlay-type":"","overlay-color":"","overlay-opacity":"","overlay-gradient":""}},"ast-content-background-meta":{"desktop":{"background-color":"var(--ast-global-color-5)","background-image":"","background-repeat":"repeat","background-position":"center center","background-size":"auto","background-attachment":"scroll","background-type":"","background-media":"","overlay-type":"","overlay-color":"","overlay-opacity":"","overlay-gradient":""},"tablet":{"background-color":"var(--ast-global-color-5)","background-image":"","background-repeat":"repeat","background-position":"center center","background-size":"auto","background-attachment":"scroll","background-type":"","background-media":"","overlay-type":"","overlay-color":"","overlay-opacity":"","overlay-gradient":""},"mobile":{"background-color":"var(--ast-global-color-5)","background-image":"","background-repeat":"repeat","background-position":"center center","background-size":"auto","background-attachment":"scroll","background-type":"","background-media":"","overlay-type":"","overlay-color":"","overlay-opacity":"","overlay-gradient":""}},"footnotes":""},"class_list":["post-2490","page","type-page","status-publish","has-post-thumbnail","hentry"],"featured_image_urls_v2":{"full":["https:\/\/pobladefarnals.com\/es\/wp-content\/uploads\/sites\/10\/2020\/07\/EDETANIA-B\u00daS-79.jpg",1600,1200,false],"thumbnail":["https:\/\/pobladefarnals.com\/es\/wp-content\/uploads\/sites\/10\/2020\/07\/EDETANIA-B\u00daS-79-150x150.jpg",150,150,true],"medium":["https:\/\/pobladefarnals.com\/es\/wp-content\/uploads\/sites\/10\/2020\/07\/EDETANIA-B\u00daS-79-300x225.jpg",300,225,true],"medium_large":["https:\/\/pobladefarnals.com\/es\/wp-content\/uploads\/sites\/10\/2020\/07\/EDETANIA-B\u00daS-79-768x576.jpg",768,576,true],"large":["https:\/\/pobladefarnals.com\/es\/wp-content\/uploads\/sites\/10\/2020\/07\/EDETANIA-B\u00daS-79-1024x768.jpg",1024,768,true],"1536x1536":["https:\/\/pobladefarnals.com\/es\/wp-content\/uploads\/sites\/10\/2020\/07\/EDETANIA-B\u00daS-79-1536x1152.jpg",1536,1152,true],"2048x2048":["https:\/\/pobladefarnals.com\/es\/wp-content\/uploads\/sites\/10\/2020\/07\/EDETANIA-B\u00daS-79.jpg",1600,1200,false],"gb-block-post-grid-landscape":["https:\/\/pobladefarnals.com\/es\/wp-content\/uploads\/sites\/10\/2020\/07\/EDETANIA-B\u00daS-79.jpg",533,400,false],"gb-block-post-grid-square":["https:\/\/pobladefarnals.com\/es\/wp-content\/uploads\/sites\/10\/2020\/07\/EDETANIA-B\u00daS-79.jpg",600,450,false]},"post_excerpt_stackable_v2":"<p>Transporte colectivo Por autob\u00fas a ValenciaEsquema Invierno 2025 \u00bfTe gustar\u00eda tomar un autob\u00fas hasta el pueblo de Pobla de Farnals? Puedes hacerlo gratis. Tambi\u00e9n puedes coger el metro desde el pueblo hasta el centro de Valencia, l\u00ednea 3, si est\u00e1s en Playa de Pobla de farnals, puedes coger antes el autob\u00fas \u00ab gratuito\u00bb hasta el pueblo. Autob\u00fas Playa de La Pobla de Farnals \u2194 Val\u00e8ncia V\u00e1lido de septiembre a junio (ATMV \/ MetGo 2025). Solo parada Playa \u201cMar 3\u201d. \ud83d\ude8c Lunes a viernes (d\u00edas lectivos) Playa \u2192 Val\u00e8ncia Salida desde Mar 3 06:0706:5207:4708:38 10:0811:0812:0813:08 14:0815:0816:0817:23 18:2319:2320:2321:0721:59 Val\u00e8ncia \u2192 Pobla (llegada&hellip;<\/p>\n","category_list_v2":"","author_info_v2":{"name":"cas eggermont","url":"https:\/\/pobladefarnals.com\/es\/author\/caseggermont\/"},"comments_num_v2":"0 comentarios","yoast_head":"<!-- This site is optimized with the Yoast SEO plugin v27.3 - https:\/\/yoast.com\/product\/yoast-seo-wordpress\/ -->\n<title>Transporte colectivo - ES - Pobla de Farnals<\/title>\n<meta name=\"robots\" content=\"index, follow, max-snippet:-1, max-image-preview:large, max-video-preview:-1\" \/>\n<link rel=\"canonical\" href=\"https:\/\/pobladefarnals.com\/es\/transporte-colectivo\/\" \/>\n<meta property=\"og:locale\" content=\"es_ES\" \/>\n<meta property=\"og:type\" content=\"article\" \/>\n<meta property=\"og:title\" content=\"Transporte colectivo - ES - Pobla de Farnals\" \/>\n<meta property=\"og:description\" content=\"Transporte colectivo Por autob\u00fas a ValenciaEsquema Invierno 2025 \u00bfTe gustar\u00eda tomar un autob\u00fas hasta el pueblo de Pobla de Farnals? [&hellip;]\" \/>\n<meta property=\"og:url\" content=\"https:\/\/pobladefarnals.com\/es\/transporte-colectivo\/\" \/>\n<meta property=\"og:site_name\" content=\"ES - Pobla de Farnals\" \/>\n<meta property=\"article:modified_time\" content=\"2025-10-13T17:30:41+00:00\" \/>\n<meta property=\"og:image\" content=\"https:\/\/pobladefarnals.com\/es\/wp-content\/uploads\/sites\/10\/2020\/07\/EDETANIA-B\u00daS-79.jpg\" \/>\n\t<meta property=\"og:image:width\" content=\"1600\" \/>\n\t<meta property=\"og:image:height\" content=\"1200\" \/>\n\t<meta property=\"og:image:type\" content=\"image\/jpeg\" \/>\n<meta name=\"twitter:card\" content=\"summary_large_image\" \/>\n<meta name=\"twitter:label1\" content=\"Tiempo de lectura\" \/>\n\t<meta name=\"twitter:data1\" content=\"2 minutos\" \/>\n<script type=\"application\/ld+json\" class=\"yoast-schema-graph\">{\"@context\":\"https:\\\/\\\/schema.org\",\"@graph\":[{\"@type\":\"WebPage\",\"@id\":\"https:\\\/\\\/pobladefarnals.com\\\/es\\\/transporte-colectivo\\\/\",\"url\":\"https:\\\/\\\/pobladefarnals.com\\\/es\\\/transporte-colectivo\\\/\",\"name\":\"Transporte colectivo - ES - Pobla de Farnals\",\"isPartOf\":{\"@id\":\"https:\\\/\\\/pobladefarnals.com\\\/es\\\/#website\"},\"primaryImageOfPage\":{\"@id\":\"https:\\\/\\\/pobladefarnals.com\\\/es\\\/transporte-colectivo\\\/#primaryimage\"},\"image\":{\"@id\":\"https:\\\/\\\/pobladefarnals.com\\\/es\\\/transporte-colectivo\\\/#primaryimage\"},\"thumbnailUrl\":\"https:\\\/\\\/pobladefarnals.com\\\/es\\\/wp-content\\\/uploads\\\/sites\\\/10\\\/2020\\\/07\\\/EDETANIA-B\u00daS-79.jpg\",\"datePublished\":\"2020-07-27T19:11:12+00:00\",\"dateModified\":\"2025-10-13T17:30:41+00:00\",\"breadcrumb\":{\"@id\":\"https:\\\/\\\/pobladefarnals.com\\\/es\\\/transporte-colectivo\\\/#breadcrumb\"},\"inLanguage\":\"es\",\"potentialAction\":[{\"@type\":\"ReadAction\",\"target\":[\"https:\\\/\\\/pobladefarnals.com\\\/es\\\/transporte-colectivo\\\/\"]}]},{\"@type\":\"ImageObject\",\"inLanguage\":\"es\",\"@id\":\"https:\\\/\\\/pobladefarnals.com\\\/es\\\/transporte-colectivo\\\/#primaryimage\",\"url\":\"https:\\\/\\\/pobladefarnals.com\\\/es\\\/wp-content\\\/uploads\\\/sites\\\/10\\\/2020\\\/07\\\/EDETANIA-B\u00daS-79.jpg\",\"contentUrl\":\"https:\\\/\\\/pobladefarnals.com\\\/es\\\/wp-content\\\/uploads\\\/sites\\\/10\\\/2020\\\/07\\\/EDETANIA-B\u00daS-79.jpg\",\"width\":1600,\"height\":1200},{\"@type\":\"BreadcrumbList\",\"@id\":\"https:\\\/\\\/pobladefarnals.com\\\/es\\\/transporte-colectivo\\\/#breadcrumb\",\"itemListElement\":[{\"@type\":\"ListItem\",\"position\":1,\"name\":\"Home\",\"item\":\"https:\\\/\\\/pobladefarnals.com\\\/es\\\/\"},{\"@type\":\"ListItem\",\"position\":2,\"name\":\"Transporte colectivo\"}]},{\"@type\":\"WebSite\",\"@id\":\"https:\\\/\\\/pobladefarnals.com\\\/es\\\/#website\",\"url\":\"https:\\\/\\\/pobladefarnals.com\\\/es\\\/\",\"name\":\"ES - Pobla de Farnals\",\"description\":\"La Pobla de Farnals\",\"publisher\":{\"@id\":\"https:\\\/\\\/pobladefarnals.com\\\/es\\\/#organization\"},\"potentialAction\":[{\"@type\":\"SearchAction\",\"target\":{\"@type\":\"EntryPoint\",\"urlTemplate\":\"https:\\\/\\\/pobladefarnals.com\\\/es\\\/?s={search_term_string}\"},\"query-input\":{\"@type\":\"PropertyValueSpecification\",\"valueRequired\":true,\"valueName\":\"search_term_string\"}}],\"inLanguage\":\"es\"},{\"@type\":\"Organization\",\"@id\":\"https:\\\/\\\/pobladefarnals.com\\\/es\\\/#organization\",\"name\":\"ES - Pobla de Farnals\",\"url\":\"https:\\\/\\\/pobladefarnals.com\\\/es\\\/\",\"logo\":{\"@type\":\"ImageObject\",\"inLanguage\":\"es\",\"@id\":\"https:\\\/\\\/pobladefarnals.com\\\/es\\\/#\\\/schema\\\/logo\\\/image\\\/\",\"url\":\"https:\\\/\\\/pobladefarnals.com\\\/es\\\/wp-content\\\/uploads\\\/sites\\\/10\\\/2022\\\/05\\\/logo3.png\",\"contentUrl\":\"https:\\\/\\\/pobladefarnals.com\\\/es\\\/wp-content\\\/uploads\\\/sites\\\/10\\\/2022\\\/05\\\/logo3.png\",\"width\":1946,\"height\":1112,\"caption\":\"ES - Pobla de Farnals\"},\"image\":{\"@id\":\"https:\\\/\\\/pobladefarnals.com\\\/es\\\/#\\\/schema\\\/logo\\\/image\\\/\"}}]}<\/script>\n<!-- \/ Yoast SEO plugin. -->","yoast_head_json":{"title":"Transporte colectivo - ES - Pobla de Farnals","robots":{"index":"index","follow":"follow","max-snippet":"max-snippet:-1","max-image-preview":"max-image-preview:large","max-video-preview":"max-video-preview:-1"},"canonical":"https:\/\/pobladefarnals.com\/es\/transporte-colectivo\/","og_locale":"es_ES","og_type":"article","og_title":"Transporte colectivo - ES - Pobla de Farnals","og_description":"Transporte colectivo Por autob\u00fas a ValenciaEsquema Invierno 2025 \u00bfTe gustar\u00eda tomar un autob\u00fas hasta el pueblo de Pobla de Farnals? [&hellip;]","og_url":"https:\/\/pobladefarnals.com\/es\/transporte-colectivo\/","og_site_name":"ES - Pobla de Farnals","article_modified_time":"2025-10-13T17:30:41+00:00","og_image":[{"width":1600,"height":1200,"url":"https:\/\/pobladefarnals.com\/es\/wp-content\/uploads\/sites\/10\/2020\/07\/EDETANIA-B\u00daS-79.jpg","type":"image\/jpeg"}],"twitter_card":"summary_large_image","twitter_misc":{"Tiempo de lectura":"2 minutos"},"schema":{"@context":"https:\/\/schema.org","@graph":[{"@type":"WebPage","@id":"https:\/\/pobladefarnals.com\/es\/transporte-colectivo\/","url":"https:\/\/pobladefarnals.com\/es\/transporte-colectivo\/","name":"Transporte colectivo - ES - Pobla de Farnals","isPartOf":{"@id":"https:\/\/pobladefarnals.com\/es\/#website"},"primaryImageOfPage":{"@id":"https:\/\/pobladefarnals.com\/es\/transporte-colectivo\/#primaryimage"},"image":{"@id":"https:\/\/pobladefarnals.com\/es\/transporte-colectivo\/#primaryimage"},"thumbnailUrl":"https:\/\/pobladefarnals.com\/es\/wp-content\/uploads\/sites\/10\/2020\/07\/EDETANIA-B\u00daS-79.jpg","datePublished":"2020-07-27T19:11:12+00:00","dateModified":"2025-10-13T17:30:41+00:00","breadcrumb":{"@id":"https:\/\/pobladefarnals.com\/es\/transporte-colectivo\/#breadcrumb"},"inLanguage":"es","potentialAction":[{"@type":"ReadAction","target":["https:\/\/pobladefarnals.com\/es\/transporte-colectivo\/"]}]},{"@type":"ImageObject","inLanguage":"es","@id":"https:\/\/pobladefarnals.com\/es\/transporte-colectivo\/#primaryimage","url":"https:\/\/pobladefarnals.com\/es\/wp-content\/uploads\/sites\/10\/2020\/07\/EDETANIA-B\u00daS-79.jpg","contentUrl":"https:\/\/pobladefarnals.com\/es\/wp-content\/uploads\/sites\/10\/2020\/07\/EDETANIA-B\u00daS-79.jpg","width":1600,"height":1200},{"@type":"BreadcrumbList","@id":"https:\/\/pobladefarnals.com\/es\/transporte-colectivo\/#breadcrumb","itemListElement":[{"@type":"ListItem","position":1,"name":"Home","item":"https:\/\/pobladefarnals.com\/es\/"},{"@type":"ListItem","position":2,"name":"Transporte colectivo"}]},{"@type":"WebSite","@id":"https:\/\/pobladefarnals.com\/es\/#website","url":"https:\/\/pobladefarnals.com\/es\/","name":"ES - Pobla de Farnals","description":"La Pobla de Farnals","publisher":{"@id":"https:\/\/pobladefarnals.com\/es\/#organization"},"potentialAction":[{"@type":"SearchAction","target":{"@type":"EntryPoint","urlTemplate":"https:\/\/pobladefarnals.com\/es\/?s={search_term_string}"},"query-input":{"@type":"PropertyValueSpecification","valueRequired":true,"valueName":"search_term_string"}}],"inLanguage":"es"},{"@type":"Organization","@id":"https:\/\/pobladefarnals.com\/es\/#organization","name":"ES - Pobla de Farnals","url":"https:\/\/pobladefarnals.com\/es\/","logo":{"@type":"ImageObject","inLanguage":"es","@id":"https:\/\/pobladefarnals.com\/es\/#\/schema\/logo\/image\/","url":"https:\/\/pobladefarnals.com\/es\/wp-content\/uploads\/sites\/10\/2022\/05\/logo3.png","contentUrl":"https:\/\/pobladefarnals.com\/es\/wp-content\/uploads\/sites\/10\/2022\/05\/logo3.png","width":1946,"height":1112,"caption":"ES - Pobla de Farnals"},"image":{"@id":"https:\/\/pobladefarnals.com\/es\/#\/schema\/logo\/image\/"}}]}},"featured_image_src":"https:\/\/pobladefarnals.com\/es\/wp-content\/uploads\/sites\/10\/2020\/07\/EDETANIA-B\u00daS-79.jpg","featured_image_src_square":"https:\/\/pobladefarnals.com\/es\/wp-content\/uploads\/sites\/10\/2020\/07\/EDETANIA-B\u00daS-79.jpg","uagb_featured_image_src":{"full":["https:\/\/pobladefarnals.com\/es\/wp-content\/uploads\/sites\/10\/2020\/07\/EDETANIA-B\u00daS-79.jpg",1600,1200,false],"thumbnail":["https:\/\/pobladefarnals.com\/es\/wp-content\/uploads\/sites\/10\/2020\/07\/EDETANIA-B\u00daS-79-150x150.jpg",150,150,true],"medium":["https:\/\/pobladefarnals.com\/es\/wp-content\/uploads\/sites\/10\/2020\/07\/EDETANIA-B\u00daS-79-300x225.jpg",300,225,true],"medium_large":["https:\/\/pobladefarnals.com\/es\/wp-content\/uploads\/sites\/10\/2020\/07\/EDETANIA-B\u00daS-79-768x576.jpg",768,576,true],"large":["https:\/\/pobladefarnals.com\/es\/wp-content\/uploads\/sites\/10\/2020\/07\/EDETANIA-B\u00daS-79-1024x768.jpg",1024,768,true],"1536x1536":["https:\/\/pobladefarnals.com\/es\/wp-content\/uploads\/sites\/10\/2020\/07\/EDETANIA-B\u00daS-79-1536x1152.jpg",1536,1152,true],"2048x2048":["https:\/\/pobladefarnals.com\/es\/wp-content\/uploads\/sites\/10\/2020\/07\/EDETANIA-B\u00daS-79.jpg",1600,1200,false],"gb-block-post-grid-landscape":["https:\/\/pobladefarnals.com\/es\/wp-content\/uploads\/sites\/10\/2020\/07\/EDETANIA-B\u00daS-79.jpg",533,400,false],"gb-block-post-grid-square":["https:\/\/pobladefarnals.com\/es\/wp-content\/uploads\/sites\/10\/2020\/07\/EDETANIA-B\u00daS-79.jpg",600,450,false]},"uagb_author_info":{"display_name":"cas eggermont","author_link":"https:\/\/pobladefarnals.com\/es\/author\/caseggermont\/"},"uagb_comment_info":0,"uagb_excerpt":"Transporte colectivo Por autob\u00fas a ValenciaEsquema Invierno 2025 \u00bfTe gustar\u00eda tomar un autob\u00fas hasta el pueblo de Pobla de Farnals? [&hellip;]","_links":{"self":[{"href":"https:\/\/pobladefarnals.com\/es\/wp-json\/wp\/v2\/pages\/2490","targetHints":{"allow":["GET"]}}],"collection":[{"href":"https:\/\/pobladefarnals.com\/es\/wp-json\/wp\/v2\/pages"}],"about":[{"href":"https:\/\/pobladefarnals.com\/es\/wp-json\/wp\/v2\/types\/page"}],"author":[{"embeddable":true,"href":"https:\/\/pobladefarnals.com\/es\/wp-json\/wp\/v2\/users\/2"}],"replies":[{"embeddable":true,"href":"https:\/\/pobladefarnals.com\/es\/wp-json\/wp\/v2\/comments?post=2490"}],"version-history":[{"count":55,"href":"https:\/\/pobladefarnals.com\/es\/wp-json\/wp\/v2\/pages\/2490\/revisions"}],"predecessor-version":[{"id":3624,"href":"https:\/\/pobladefarnals.com\/es\/wp-json\/wp\/v2\/pages\/2490\/revisions\/3624"}],"wp:featuredmedia":[{"embeddable":true,"href":"https:\/\/pobladefarnals.com\/es\/wp-json\/wp\/v2\/media\/2491"}],"wp:attachment":[{"href":"https:\/\/pobladefarnals.com\/es\/wp-json\/wp\/v2\/media?parent=2490"}],"curies":[{"name":"wp","href":"https:\/\/api.w.org\/{rel}","templated":true}]}}