{"id":173,"date":"2024-03-06T05:59:12","date_gmt":"2024-03-06T04:59:12","guid":{"rendered":"https:\/\/pobladefarnals.com\/fr\/?page_id=173"},"modified":"2025-10-13T19:43:44","modified_gmt":"2025-10-13T17:43:44","slug":"transports-public","status":"publish","type":"page","link":"https:\/\/pobladefarnals.com\/fr\/transports-public\/","title":{"rendered":"Transports Public"},"content":{"rendered":"\n<figure class=\"wp-block-image size-full is-resized\"><img loading=\"lazy\" decoding=\"async\" width=\"1600\" height=\"1200\" src=\"https:\/\/pobladefarnals.com\/fr\/wp-content\/uploads\/sites\/11\/2024\/03\/EDETANIA-BUS-79.jpg\" alt=\"\" class=\"wp-image-180\" style=\"width:420px;height:auto\" srcset=\"https:\/\/pobladefarnals.com\/fr\/wp-content\/uploads\/sites\/11\/2024\/03\/EDETANIA-BUS-79.jpg 1600w, https:\/\/pobladefarnals.com\/fr\/wp-content\/uploads\/sites\/11\/2024\/03\/EDETANIA-BUS-79-300x225.jpg 300w, https:\/\/pobladefarnals.com\/fr\/wp-content\/uploads\/sites\/11\/2024\/03\/EDETANIA-BUS-79-1024x768.jpg 1024w, https:\/\/pobladefarnals.com\/fr\/wp-content\/uploads\/sites\/11\/2024\/03\/EDETANIA-BUS-79-768x576.jpg 768w, https:\/\/pobladefarnals.com\/fr\/wp-content\/uploads\/sites\/11\/2024\/03\/EDETANIA-BUS-79-1536x1152.jpg 1536w\" sizes=\"auto, (max-width: 1600px) 100vw, 1600px\" \/><\/figure>\n\n\n\n<p><br><\/p>\n\n\n\n<p><strong>Le bus pour le village<\/strong><br>Voulez-vous vous rendre au village de Pobla de Farnals en bus ? Vous pouvez le faire gratuitement !<br>De plus, vous pouvez facilement prendre le m\u00e9tro jusqu&rsquo;\u00e0 Valence dans le village. Pour seulement 40 cents par voyage, vous \u00eates dans le centre de Valence en une demi-heure. Vous devez ensuite acheter un billet de 10 jours au kiosque de Pobla de Farnals, vous payez 2 \u20ac pour la carte en plastique une fois.<\/p>\n\n\n\n<figure class=\"wp-block-image size-large\"><img loading=\"lazy\" decoding=\"async\" width=\"857\" height=\"1024\" src=\"https:\/\/pobladefarnals.com\/fr\/wp-content\/uploads\/sites\/11\/2025\/10\/Scherm\u00adafbeelding-2025-10-08-om-17.47.49-857x1024.png\" alt=\"\" class=\"wp-image-357\" srcset=\"https:\/\/pobladefarnals.com\/fr\/wp-content\/uploads\/sites\/11\/2025\/10\/Scherm\u00adafbeelding-2025-10-08-om-17.47.49-857x1024.png 857w, https:\/\/pobladefarnals.com\/fr\/wp-content\/uploads\/sites\/11\/2025\/10\/Scherm\u00adafbeelding-2025-10-08-om-17.47.49-251x300.png 251w, https:\/\/pobladefarnals.com\/fr\/wp-content\/uploads\/sites\/11\/2025\/10\/Scherm\u00adafbeelding-2025-10-08-om-17.47.49-768x918.png 768w, https:\/\/pobladefarnals.com\/fr\/wp-content\/uploads\/sites\/11\/2025\/10\/Scherm\u00adafbeelding-2025-10-08-om-17.47.49.png 1262w\" sizes=\"auto, (max-width: 857px) 100vw, 857px\" \/><\/figure>\n\n\n\n<p><strong>Le bus pour Valencia<\/strong><\/p>\n\n\n\n<p>Vous pouvez \u00e9galement prendre le m\u00e9tro depuis le village jusqu&rsquo;au c\u0153ur de Valence, <strong><span style=\"color: #cf2e2e;\" class=\"stk-highlight\">ligne 3<\/span><\/strong>. Si vous \u00eates \u00e0 Playa de Pobla de farnals, vous pouvez d&rsquo;abord prendre le bus \u00ab gratuit \u00bb jusqu&rsquo;au village.<\/p>\n\n\n\n<!-- Bus Playa de La Pobla de Farnals \u2194 Val\u00e8ncia \u00b7 Sept\u2013juin \u00b7 arr\u00eat Mar 3 (FR) -->\n<section class=\"bus112-fr\" lang=\"fr\">\n  <style>\n    .bus112-fr{font:400 16px\/1.55 system-ui,-apple-system,Segoe UI,Roboto,Helvetica,Arial,sans-serif;color:#111;background:#fff;border:1px solid #e6e6e6;border-radius:16px;padding:22px;max-width:980px;margin:24px auto}\n    .bus112-fr h2{margin:0 0 6px;font:800 26px\/1.2 inherit}\n    .meta{font-size:14px;color:#666;margin-bottom:18px}\n    .bloc{margin:30px 0 20px}\n    .bloc h3{font:700 20px\/1.2 inherit;color:#0e8a62;margin:0 0 8px}\n    .grid{display:grid;grid-template-columns:1fr 1fr;gap:16px}\n    @media(max-width:720px){.grid{grid-template-columns:1fr}}\n    .card{border:1px solid #ddd;border-radius:14px;padding:14px}\n    .card h4{margin:0 0 6px;font:700 17px\/1.2 inherit}\n    .sub{font-size:13px;color:#666;margin:0 0 10px}\n    .times{list-style:none;padding:0;margin:0;display:flex;flex-wrap:wrap;gap:8px}\n    .times li{background:#111;color:#fff;border-radius:10px;padding:6px 11px;font-weight:700}\n    .note{margin-top:10px;font-size:13px;color:#666}\n    .map{margin-top:24px;border-radius:12px;overflow:hidden}\n    iframe{width:100%;height:250px;border:0}\n    .warn{display:inline-block;margin-top:10px;background:#fff5d8;border:1px solid #ffd88a;color:#7a5200;padding:6px 10px;border-radius:999px;font-weight:800}\n    .bus112-fr a{color:#0e8a62;text-underline-offset:3px}\n  <\/style>\n\n  <h2>Bus Playa de La Pobla de Farnals \u2194 Val\u00e8ncia<\/h2>\n  <p class=\"meta\">Valable <strong>septembre\u2013juin<\/strong> (horaire officiel). Uniquement l\u2019arr\u00eat <strong>Playa \u00ab Mar 3 \u00bb<\/strong>.<\/p>\n\n  <div class=\"bloc\">\n    <h3>\ud83d\ude8c Lundi\u2013vendredi (jours scolaires)<\/h3>\n    <div class=\"grid\">\n      <article class=\"card\">\n        <h4>Playa \u2192 Val\u00e8ncia<\/h4>\n        <p class=\"sub\">D\u00e9part depuis <strong>Mar 3<\/strong><\/p>\n        <ul class=\"times\">\n          <li>06:07<\/li><li>06:52<\/li><li>07:47<\/li><li>08:38<\/li>\n          <li>10:08<\/li><li>11:08<\/li><li>12:08<\/li><li>13:08<\/li>\n          <li>14:08<\/li><li>15:08<\/li><li>16:08<\/li><li>17:23<\/li>\n          <li>18:23<\/li><li>19:23<\/li><li>20:23<\/li><li>21:07<\/li><li>21:59<\/li>\n        <\/ul>\n      <\/article>\n\n      <article class=\"card\">\n        <h4>Val\u00e8ncia \u2192 Pobla <span style=\"font-weight:600\">(arriv\u00e9e \u00e0 Pobla)<\/span><\/h4>\n        <p class=\"sub\">Arriv\u00e9e \u00e0 <strong>Mar 3 (Playa)<\/strong><\/p>\n        <ul class=\"times\">\n          <li>07:19<\/li><li>08:19<\/li><li>09:24<\/li><li>10:14<\/li>\n          <li>11:44<\/li><li>12:44<\/li><li>13:44<\/li><li>14:44<\/li>\n          <li>15:44<\/li><li>16:44<\/li><li>17:44<\/li><li>18:59<\/li>\n          <li>19:59<\/li><li>20:46<\/li><li>21:41<\/li><li>22:21<\/li>\n        <\/ul>\n      <\/article>\n    <\/div>\n  <\/div>\n\n  <div class=\"bloc\">\n    <h3>\ud83c\udf1e Samedis, dimanches &#038; jours f\u00e9ri\u00e9s<\/h3>\n    <div class=\"grid\">\n      <article class=\"card\">\n        <h4>Playa \u2192 Val\u00e8ncia<\/h4>\n        <p class=\"sub\">D\u00e9part depuis <strong>Mar 3<\/strong><\/p>\n        <ul class=\"times\">\n          <li>07:07<\/li><li>09:13<\/li><li>11:13<\/li><li>13:13<\/li>\n          <li>15:13<\/li><li>17:27<\/li><li>19:28<\/li>\n        <\/ul>\n      <\/article>\n\n      <article class=\"card\">\n        <h4>Val\u00e8ncia \u2192 Pobla <span style=\"font-weight:600\">(arriv\u00e9e \u00e0 Pobla)<\/span><\/h4>\n        <p class=\"sub\">Heures d\u2019arriv\u00e9e <strong>approximatives<\/strong> \u00e0 <strong>Mar 3 (Playa)<\/strong><\/p>\n        <ul class=\"times\">\n          <li>08:25<\/li><li>10:40<\/li><li>12:40<\/li><li>14:40<\/li>\n          <li>15:40<\/li><li>16:40<\/li><li>18:55<\/li><li>20:55<\/li>\n        <\/ul>\n        <p class=\"note\">Estimations bas\u00e9es sur le segment Port Saplatja \u2192 Les Corts de l\u2019horaire officiel.<\/p>\n      <\/article>\n    <\/div>\n  <\/div>\n\n  <div class=\"bloc\">\n    <h3>\ud83d\udccd Arr\u00eat principal<\/h3>\n    <p><strong>Avenida Mar 3 \u2013 Playa de la Pobla de Farnals<\/strong><br>Pr\u00e8s de la promenade et du port de plaisance.<\/p>\n    <div class=\"map\">\n      <iframe src=\"https:\/\/www.google.com\/maps?q=Avenida+Mar+3,+Playa+de+la+Pobla+de+Farnals,+Valencia,+Espa\u00f1a&#038;output=embed\" loading=\"lazy\" allowfullscreen><\/iframe>\n    <\/div>\n  <\/div>\n\n  <p class=\"note\">Source : horaire officiel (ATMV \/ MetGo). V\u00e9rifiez les mises \u00e0 jour sur <a href=\"https:\/\/pobladefarnals.com\" target=\"_blank\" rel=\"noopener\">pobladefarnals.com<\/a>.<\/p>\n<\/section>\n\n\n\n<div class=\"wp-block-uagb-container uagb-block-7dfafa01 alignfull uagb-is-root-container\"><div class=\"uagb-container-inner-blocks-wrap\">\n<div class=\"wp-block-uagb-container uagb-block-e991db59\">\n<figure class=\"wp-block-image size-large\"><img decoding=\"async\" src=\"https:\/\/pobladefarnals.com\/en\/wp-content\/uploads\/sites\/9\/2025\/05\/L10-g09-1024x683.jpeg\" alt=\"\" class=\"wp-image-3359\"\/><\/figure>\n<\/div>\n\n\n\n<div class=\"wp-block-uagb-container uagb-block-4f57e399\">\n<figure class=\"wp-block-image size-large is-resized\"><img decoding=\"async\" src=\"https:\/\/pobladefarnals.com\/en\/wp-content\/uploads\/sites\/9\/2025\/05\/Scherm\u00adafbeelding-2025-05-16-om-11.23.35-722x1024.png\" alt=\"\" class=\"wp-image-3357\" style=\"width:503px;height:auto\"\/><\/figure>\n<\/div>\n<\/div><\/div>\n","protected":false},"excerpt":{"rendered":"<p>Le bus pour le villageVoulez-vous vous rendre au village de Pobla de Farnals en bus ? Vous pouvez le faire [&hellip;]<\/p>\n","protected":false},"author":2,"featured_media":0,"parent":0,"menu_order":0,"comment_status":"closed","ping_status":"closed","template":"","meta":{"_uag_custom_page_level_css":"","site-sidebar-layout":"default","site-content-layout":"","ast-site-content-layout":"default","site-content-style":"default","site-sidebar-style":"default","ast-global-header-display":"","ast-banner-title-visibility":"","ast-main-header-display":"","ast-hfb-above-header-display":"","ast-hfb-below-header-display":"","ast-hfb-mobile-header-display":"","site-post-title":"","ast-breadcrumbs-content":"","ast-featured-img":"","footer-sml-layout":"","ast-disable-related-posts":"","theme-transparent-header-meta":"","adv-header-id-meta":"","stick-header-meta":"","header-above-stick-meta":"","header-main-stick-meta":"","header-below-stick-meta":"","astra-migrate-meta-layouts":"default","ast-page-background-enabled":"default","ast-page-background-meta":{"desktop":{"background-color":"var(--ast-global-color-4)","background-image":"","background-repeat":"repeat","background-position":"center center","background-size":"auto","background-attachment":"scroll","background-type":"","background-media":"","overlay-type":"","overlay-color":"","overlay-opacity":"","overlay-gradient":""},"tablet":{"background-color":"","background-image":"","background-repeat":"repeat","background-position":"center center","background-size":"auto","background-attachment":"scroll","background-type":"","background-media":"","overlay-type":"","overlay-color":"","overlay-opacity":"","overlay-gradient":""},"mobile":{"background-color":"","background-image":"","background-repeat":"repeat","background-position":"center center","background-size":"auto","background-attachment":"scroll","background-type":"","background-media":"","overlay-type":"","overlay-color":"","overlay-opacity":"","overlay-gradient":""}},"ast-content-background-meta":{"desktop":{"background-color":"var(--ast-global-color-5)","background-image":"","background-repeat":"repeat","background-position":"center center","background-size":"auto","background-attachment":"scroll","background-type":"","background-media":"","overlay-type":"","overlay-color":"","overlay-opacity":"","overlay-gradient":""},"tablet":{"background-color":"var(--ast-global-color-5)","background-image":"","background-repeat":"repeat","background-position":"center center","background-size":"auto","background-attachment":"scroll","background-type":"","background-media":"","overlay-type":"","overlay-color":"","overlay-opacity":"","overlay-gradient":""},"mobile":{"background-color":"var(--ast-global-color-5)","background-image":"","background-repeat":"repeat","background-position":"center center","background-size":"auto","background-attachment":"scroll","background-type":"","background-media":"","overlay-type":"","overlay-color":"","overlay-opacity":"","overlay-gradient":""}},"footnotes":""},"class_list":["post-173","page","type-page","status-publish","hentry"],"yoast_head":"<!-- This site is optimized with the Yoast SEO plugin v27.3 - https:\/\/yoast.com\/product\/yoast-seo-wordpress\/ -->\n<title>Transports Public - FR - Pobla de Farnals<\/title>\n<meta name=\"robots\" content=\"index, follow, max-snippet:-1, max-image-preview:large, max-video-preview:-1\" \/>\n<link rel=\"canonical\" href=\"https:\/\/pobladefarnals.com\/fr\/transports-public\/\" \/>\n<meta property=\"og:locale\" content=\"fr_FR\" \/>\n<meta property=\"og:type\" content=\"article\" \/>\n<meta property=\"og:title\" content=\"Transports Public - FR - Pobla de Farnals\" \/>\n<meta property=\"og:description\" content=\"Le bus pour le villageVoulez-vous vous rendre au village de Pobla de Farnals en bus ? Vous pouvez le faire [&hellip;]\" \/>\n<meta property=\"og:url\" content=\"https:\/\/pobladefarnals.com\/fr\/transports-public\/\" \/>\n<meta property=\"og:site_name\" content=\"FR - Pobla de Farnals\" \/>\n<meta property=\"article:modified_time\" content=\"2025-10-13T17:43:44+00:00\" \/>\n<meta property=\"og:image\" content=\"https:\/\/pobladefarnals.com\/fr\/wp-content\/uploads\/sites\/11\/2024\/03\/EDETANIA-BUS-79.jpg\" \/>\n\t<meta property=\"og:image:width\" content=\"1600\" \/>\n\t<meta property=\"og:image:height\" content=\"1200\" \/>\n\t<meta property=\"og:image:type\" content=\"image\/jpeg\" \/>\n<meta name=\"twitter:card\" content=\"summary_large_image\" \/>\n<meta name=\"twitter:label1\" content=\"Dur\u00e9e de lecture estim\u00e9e\" \/>\n\t<meta name=\"twitter:data1\" content=\"3 minutes\" \/>\n<script type=\"application\/ld+json\" class=\"yoast-schema-graph\">{\"@context\":\"https:\\\/\\\/schema.org\",\"@graph\":[{\"@type\":\"WebPage\",\"@id\":\"https:\\\/\\\/pobladefarnals.com\\\/fr\\\/transports-public\\\/\",\"url\":\"https:\\\/\\\/pobladefarnals.com\\\/fr\\\/transports-public\\\/\",\"name\":\"Transports Public - FR - Pobla de Farnals\",\"isPartOf\":{\"@id\":\"https:\\\/\\\/pobladefarnals.com\\\/fr\\\/#website\"},\"primaryImageOfPage\":{\"@id\":\"https:\\\/\\\/pobladefarnals.com\\\/fr\\\/transports-public\\\/#primaryimage\"},\"image\":{\"@id\":\"https:\\\/\\\/pobladefarnals.com\\\/fr\\\/transports-public\\\/#primaryimage\"},\"thumbnailUrl\":\"https:\\\/\\\/pobladefarnals.com\\\/fr\\\/wp-content\\\/uploads\\\/sites\\\/11\\\/2024\\\/03\\\/EDETANIA-BUS-79.jpg\",\"datePublished\":\"2024-03-06T04:59:12+00:00\",\"dateModified\":\"2025-10-13T17:43:44+00:00\",\"breadcrumb\":{\"@id\":\"https:\\\/\\\/pobladefarnals.com\\\/fr\\\/transports-public\\\/#breadcrumb\"},\"inLanguage\":\"fr-FR\",\"potentialAction\":[{\"@type\":\"ReadAction\",\"target\":[\"https:\\\/\\\/pobladefarnals.com\\\/fr\\\/transports-public\\\/\"]}]},{\"@type\":\"ImageObject\",\"inLanguage\":\"fr-FR\",\"@id\":\"https:\\\/\\\/pobladefarnals.com\\\/fr\\\/transports-public\\\/#primaryimage\",\"url\":\"https:\\\/\\\/pobladefarnals.com\\\/fr\\\/wp-content\\\/uploads\\\/sites\\\/11\\\/2024\\\/03\\\/EDETANIA-BUS-79.jpg\",\"contentUrl\":\"https:\\\/\\\/pobladefarnals.com\\\/fr\\\/wp-content\\\/uploads\\\/sites\\\/11\\\/2024\\\/03\\\/EDETANIA-BUS-79.jpg\",\"width\":1600,\"height\":1200},{\"@type\":\"BreadcrumbList\",\"@id\":\"https:\\\/\\\/pobladefarnals.com\\\/fr\\\/transports-public\\\/#breadcrumb\",\"itemListElement\":[{\"@type\":\"ListItem\",\"position\":1,\"name\":\"Home\",\"item\":\"https:\\\/\\\/pobladefarnals.com\\\/fr\\\/\"},{\"@type\":\"ListItem\",\"position\":2,\"name\":\"Transports Public\"}]},{\"@type\":\"WebSite\",\"@id\":\"https:\\\/\\\/pobladefarnals.com\\\/fr\\\/#website\",\"url\":\"https:\\\/\\\/pobladefarnals.com\\\/fr\\\/\",\"name\":\"FR - Pobla de Farnals\",\"description\":\"\",\"publisher\":{\"@id\":\"https:\\\/\\\/pobladefarnals.com\\\/fr\\\/#organization\"},\"potentialAction\":[{\"@type\":\"SearchAction\",\"target\":{\"@type\":\"EntryPoint\",\"urlTemplate\":\"https:\\\/\\\/pobladefarnals.com\\\/fr\\\/?s={search_term_string}\"},\"query-input\":{\"@type\":\"PropertyValueSpecification\",\"valueRequired\":true,\"valueName\":\"search_term_string\"}}],\"inLanguage\":\"fr-FR\"},{\"@type\":\"Organization\",\"@id\":\"https:\\\/\\\/pobladefarnals.com\\\/fr\\\/#organization\",\"name\":\"FR - Pobla de Farnals\",\"url\":\"https:\\\/\\\/pobladefarnals.com\\\/fr\\\/\",\"logo\":{\"@type\":\"ImageObject\",\"inLanguage\":\"fr-FR\",\"@id\":\"https:\\\/\\\/pobladefarnals.com\\\/fr\\\/#\\\/schema\\\/logo\\\/image\\\/\",\"url\":\"https:\\\/\\\/pobladefarnals.com\\\/fr\\\/wp-content\\\/uploads\\\/sites\\\/11\\\/2024\\\/01\\\/logo3small.png\",\"contentUrl\":\"https:\\\/\\\/pobladefarnals.com\\\/fr\\\/wp-content\\\/uploads\\\/sites\\\/11\\\/2024\\\/01\\\/logo3small.png\",\"width\":250,\"height\":143,\"caption\":\"FR - Pobla de Farnals\"},\"image\":{\"@id\":\"https:\\\/\\\/pobladefarnals.com\\\/fr\\\/#\\\/schema\\\/logo\\\/image\\\/\"}}]}<\/script>\n<!-- \/ Yoast SEO plugin. -->","yoast_head_json":{"title":"Transports Public - FR - Pobla de Farnals","robots":{"index":"index","follow":"follow","max-snippet":"max-snippet:-1","max-image-preview":"max-image-preview:large","max-video-preview":"max-video-preview:-1"},"canonical":"https:\/\/pobladefarnals.com\/fr\/transports-public\/","og_locale":"fr_FR","og_type":"article","og_title":"Transports Public - FR - Pobla de Farnals","og_description":"Le bus pour le villageVoulez-vous vous rendre au village de Pobla de Farnals en bus ? Vous pouvez le faire [&hellip;]","og_url":"https:\/\/pobladefarnals.com\/fr\/transports-public\/","og_site_name":"FR - Pobla de Farnals","article_modified_time":"2025-10-13T17:43:44+00:00","og_image":[{"width":1600,"height":1200,"url":"https:\/\/pobladefarnals.com\/fr\/wp-content\/uploads\/sites\/11\/2024\/03\/EDETANIA-BUS-79.jpg","type":"image\/jpeg"}],"twitter_card":"summary_large_image","twitter_misc":{"Dur\u00e9e de lecture estim\u00e9e":"3 minutes"},"schema":{"@context":"https:\/\/schema.org","@graph":[{"@type":"WebPage","@id":"https:\/\/pobladefarnals.com\/fr\/transports-public\/","url":"https:\/\/pobladefarnals.com\/fr\/transports-public\/","name":"Transports Public - FR - Pobla de Farnals","isPartOf":{"@id":"https:\/\/pobladefarnals.com\/fr\/#website"},"primaryImageOfPage":{"@id":"https:\/\/pobladefarnals.com\/fr\/transports-public\/#primaryimage"},"image":{"@id":"https:\/\/pobladefarnals.com\/fr\/transports-public\/#primaryimage"},"thumbnailUrl":"https:\/\/pobladefarnals.com\/fr\/wp-content\/uploads\/sites\/11\/2024\/03\/EDETANIA-BUS-79.jpg","datePublished":"2024-03-06T04:59:12+00:00","dateModified":"2025-10-13T17:43:44+00:00","breadcrumb":{"@id":"https:\/\/pobladefarnals.com\/fr\/transports-public\/#breadcrumb"},"inLanguage":"fr-FR","potentialAction":[{"@type":"ReadAction","target":["https:\/\/pobladefarnals.com\/fr\/transports-public\/"]}]},{"@type":"ImageObject","inLanguage":"fr-FR","@id":"https:\/\/pobladefarnals.com\/fr\/transports-public\/#primaryimage","url":"https:\/\/pobladefarnals.com\/fr\/wp-content\/uploads\/sites\/11\/2024\/03\/EDETANIA-BUS-79.jpg","contentUrl":"https:\/\/pobladefarnals.com\/fr\/wp-content\/uploads\/sites\/11\/2024\/03\/EDETANIA-BUS-79.jpg","width":1600,"height":1200},{"@type":"BreadcrumbList","@id":"https:\/\/pobladefarnals.com\/fr\/transports-public\/#breadcrumb","itemListElement":[{"@type":"ListItem","position":1,"name":"Home","item":"https:\/\/pobladefarnals.com\/fr\/"},{"@type":"ListItem","position":2,"name":"Transports Public"}]},{"@type":"WebSite","@id":"https:\/\/pobladefarnals.com\/fr\/#website","url":"https:\/\/pobladefarnals.com\/fr\/","name":"FR - Pobla de Farnals","description":"","publisher":{"@id":"https:\/\/pobladefarnals.com\/fr\/#organization"},"potentialAction":[{"@type":"SearchAction","target":{"@type":"EntryPoint","urlTemplate":"https:\/\/pobladefarnals.com\/fr\/?s={search_term_string}"},"query-input":{"@type":"PropertyValueSpecification","valueRequired":true,"valueName":"search_term_string"}}],"inLanguage":"fr-FR"},{"@type":"Organization","@id":"https:\/\/pobladefarnals.com\/fr\/#organization","name":"FR - Pobla de Farnals","url":"https:\/\/pobladefarnals.com\/fr\/","logo":{"@type":"ImageObject","inLanguage":"fr-FR","@id":"https:\/\/pobladefarnals.com\/fr\/#\/schema\/logo\/image\/","url":"https:\/\/pobladefarnals.com\/fr\/wp-content\/uploads\/sites\/11\/2024\/01\/logo3small.png","contentUrl":"https:\/\/pobladefarnals.com\/fr\/wp-content\/uploads\/sites\/11\/2024\/01\/logo3small.png","width":250,"height":143,"caption":"FR - Pobla de Farnals"},"image":{"@id":"https:\/\/pobladefarnals.com\/fr\/#\/schema\/logo\/image\/"}}]}},"featured_image_src":null,"featured_image_src_square":null,"uagb_featured_image_src":{"full":false,"thumbnail":false,"medium":false,"medium_large":false,"large":false,"1536x1536":false,"2048x2048":false,"gb-block-post-grid-landscape":false,"gb-block-post-grid-square":false},"uagb_author_info":{"display_name":"cas eggermont","author_link":"https:\/\/pobladefarnals.com\/fr\/author\/caseggermont\/"},"uagb_comment_info":0,"uagb_excerpt":"Le bus pour le villageVoulez-vous vous rendre au village de Pobla de Farnals en bus ? Vous pouvez le faire [&hellip;]","_links":{"self":[{"href":"https:\/\/pobladefarnals.com\/fr\/wp-json\/wp\/v2\/pages\/173","targetHints":{"allow":["GET"]}}],"collection":[{"href":"https:\/\/pobladefarnals.com\/fr\/wp-json\/wp\/v2\/pages"}],"about":[{"href":"https:\/\/pobladefarnals.com\/fr\/wp-json\/wp\/v2\/types\/page"}],"author":[{"embeddable":true,"href":"https:\/\/pobladefarnals.com\/fr\/wp-json\/wp\/v2\/users\/2"}],"replies":[{"embeddable":true,"href":"https:\/\/pobladefarnals.com\/fr\/wp-json\/wp\/v2\/comments?post=173"}],"version-history":[{"count":24,"href":"https:\/\/pobladefarnals.com\/fr\/wp-json\/wp\/v2\/pages\/173\/revisions"}],"predecessor-version":[{"id":364,"href":"https:\/\/pobladefarnals.com\/fr\/wp-json\/wp\/v2\/pages\/173\/revisions\/364"}],"wp:attachment":[{"href":"https:\/\/pobladefarnals.com\/fr\/wp-json\/wp\/v2\/media?parent=173"}],"curies":[{"name":"wp","href":"https:\/\/api.w.org\/{rel}","templated":true}]}}